{"id":1761,"date":"2024-08-03T13:00:14","date_gmt":"2024-08-03T11:00:14","guid":{"rendered":"https:\/\/eriget.com\/?page_id=1761"},"modified":"2025-04-29T12:21:46","modified_gmt":"2025-04-29T10:21:46","slug":"happypodcash","status":"publish","type":"page","link":"https:\/\/eriget.com\/index.php\/happypodcash\/","title":{"rendered":""},"content":{"rendered":"\t\t<div data-elementor-type=\"wp-page\" data-elementor-id=\"1761\" class=\"elementor elementor-1761\">\n\t\t\t\t\t\t<section class=\"elementor-section elementor-top-section elementor-element elementor-element-8fdcc04 elementor-section-boxed elementor-section-height-default elementor-section-height-default\" data-id=\"8fdcc04\" data-element_type=\"section\">\n\t\t\t\t\t\t<div class=\"elementor-container elementor-column-gap-default\">\n\t\t\t\t\t<div class=\"elementor-column elementor-col-100 elementor-top-column elementor-element elementor-element-8b88d81\" data-id=\"8b88d81\" data-element_type=\"column\">\n\t\t\t<div class=\"elementor-widget-wrap elementor-element-populated\">\n\t\t\t\t\t\t<div class=\"elementor-element elementor-element-559c361 elementor-widget elementor-widget-text-editor\" data-id=\"559c361\" data-element_type=\"widget\" data-widget_type=\"text-editor.default\">\n\t\t\t\t<div class=\"elementor-widget-container\">\n\t\t\t\t\t\t\t\t\t<p>Rejoignez HappyPodCash sur votre plateforme de streaming pr\u00e9f\u00e9r\u00e9e !<\/p>\t\t\t\t\t\t\t\t<\/div>\n\t\t\t\t<\/div>\n\t\t\t\t\t<\/div>\n\t\t<\/div>\n\t\t\t\t\t<\/div>\n\t\t<\/section>\n\t\t\t\t<section class=\"elementor-section elementor-top-section elementor-element elementor-element-d225e28 elementor-section-boxed elementor-section-height-default elementor-section-height-default\" data-id=\"d225e28\" data-element_type=\"section\">\n\t\t\t\t\t\t<div class=\"elementor-container elementor-column-gap-default\">\n\t\t\t\t\t<div class=\"elementor-column elementor-col-100 elementor-top-column elementor-element elementor-element-ab99e72\" data-id=\"ab99e72\" data-element_type=\"column\">\n\t\t\t<div class=\"elementor-widget-wrap elementor-element-populated\">\n\t\t\t\t\t\t<div class=\"elementor-element elementor-element-5cffa83 elementor-widget elementor-widget-spacer\" data-id=\"5cffa83\" data-element_type=\"widget\" data-widget_type=\"spacer.default\">\n\t\t\t\t<div class=\"elementor-widget-container\">\n\t\t\t\t\t\t\t<div class=\"elementor-spacer\">\n\t\t\t<div class=\"elementor-spacer-inner\"><\/div>\n\t\t<\/div>\n\t\t\t\t\t\t<\/div>\n\t\t\t\t<\/div>\n\t\t\t\t\t<\/div>\n\t\t<\/div>\n\t\t\t\t\t<\/div>\n\t\t<\/section>\n\t\t\t\t<section class=\"elementor-section elementor-top-section elementor-element elementor-element-e807a3f elementor-section-boxed elementor-section-height-default elementor-section-height-default\" data-id=\"e807a3f\" data-element_type=\"section\">\n\t\t\t\t\t\t<div class=\"elementor-container elementor-column-gap-default\">\n\t\t\t\t\t<div class=\"elementor-column elementor-col-100 elementor-top-column elementor-element elementor-element-5f04633\" data-id=\"5f04633\" data-element_type=\"column\">\n\t\t\t<div class=\"elementor-widget-wrap elementor-element-populated\">\n\t\t\t\t\t\t<div class=\"elementor-element elementor-element-64ef3a5 elementor-widget elementor-widget-image\" data-id=\"64ef3a5\" data-element_type=\"widget\" data-widget_type=\"image.default\">\n\t\t\t\t<div class=\"elementor-widget-container\">\n\t\t\t\t\t\t\t\t\t\t\t\t\t\t\t<img fetchpriority=\"high\" decoding=\"async\" width=\"768\" height=\"768\" src=\"https:\/\/eriget.com\/wp-content\/uploads\/2025\/04\/Logo-retouche-768x768.png\" class=\"attachment-medium_large size-medium_large wp-image-2077\" alt=\"\" srcset=\"https:\/\/eriget.com\/wp-content\/uploads\/2025\/04\/Logo-retouche-768x768.png 768w, https:\/\/eriget.com\/wp-content\/uploads\/2025\/04\/Logo-retouche-300x300.png 300w, https:\/\/eriget.com\/wp-content\/uploads\/2025\/04\/Logo-retouche-1024x1024.png 1024w, https:\/\/eriget.com\/wp-content\/uploads\/2025\/04\/Logo-retouche-150x150.png 150w, https:\/\/eriget.com\/wp-content\/uploads\/2025\/04\/Logo-retouche-1080x1080.png 1080w, https:\/\/eriget.com\/wp-content\/uploads\/2025\/04\/Logo-retouche.png 1280w\" sizes=\"(max-width: 768px) 100vw, 768px\" \/>\t\t\t\t\t\t\t\t\t\t\t\t\t\t\t<\/div>\n\t\t\t\t<\/div>\n\t\t\t\t\t<\/div>\n\t\t<\/div>\n\t\t\t\t\t<\/div>\n\t\t<\/section>\n\t\t\t\t<section class=\"elementor-section elementor-top-section elementor-element elementor-element-ec6a84b elementor-section-boxed elementor-section-height-default elementor-section-height-default\" data-id=\"ec6a84b\" data-element_type=\"section\">\n\t\t\t\t\t\t<div class=\"elementor-container elementor-column-gap-default\">\n\t\t\t\t\t<div class=\"elementor-column elementor-col-100 elementor-top-column elementor-element elementor-element-266730e\" data-id=\"266730e\" data-element_type=\"column\">\n\t\t\t<div class=\"elementor-widget-wrap elementor-element-populated\">\n\t\t\t\t\t\t<div class=\"elementor-element elementor-element-d0f6e05 elementor-widget elementor-widget-spacer\" data-id=\"d0f6e05\" data-element_type=\"widget\" data-widget_type=\"spacer.default\">\n\t\t\t\t<div class=\"elementor-widget-container\">\n\t\t\t\t\t\t\t<div class=\"elementor-spacer\">\n\t\t\t<div class=\"elementor-spacer-inner\"><\/div>\n\t\t<\/div>\n\t\t\t\t\t\t<\/div>\n\t\t\t\t<\/div>\n\t\t\t\t\t<\/div>\n\t\t<\/div>\n\t\t\t\t\t<\/div>\n\t\t<\/section>\n\t\t\t\t<section class=\"elementor-section elementor-top-section elementor-element elementor-element-e32ea2a elementor-section-boxed elementor-section-height-default elementor-section-height-default\" data-id=\"e32ea2a\" data-element_type=\"section\">\n\t\t\t\t\t\t<div class=\"elementor-container elementor-column-gap-default\">\n\t\t\t\t\t<div class=\"elementor-column elementor-col-100 elementor-top-column elementor-element elementor-element-bf0e0df\" data-id=\"bf0e0df\" data-element_type=\"column\">\n\t\t\t<div class=\"elementor-widget-wrap elementor-element-populated\">\n\t\t\t\t\t\t<div class=\"elementor-element elementor-element-0fe5022 e-transform elementor-widget elementor-widget-html\" data-id=\"0fe5022\" data-element_type=\"widget\" data-settings=\"{&quot;_transform_scale_effect&quot;:{&quot;unit&quot;:&quot;px&quot;,&quot;size&quot;:&quot;&quot;,&quot;sizes&quot;:[]},&quot;_transform_scale_effect_tablet&quot;:{&quot;unit&quot;:&quot;px&quot;,&quot;size&quot;:&quot;&quot;,&quot;sizes&quot;:[]},&quot;_transform_scale_effect_mobile&quot;:{&quot;unit&quot;:&quot;px&quot;,&quot;size&quot;:&quot;&quot;,&quot;sizes&quot;:[]}}\" data-widget_type=\"html.default\">\n\t\t\t\t<div class=\"elementor-widget-container\">\n\t\t\t\t\t<iframe id=\"smartlinkframeleft\" name=\"smartlinkframeleft\" src=\"https:\/\/www.vodio.fr\/_design_smartlink-1188-happy-pod-cash\/\" style=\"width: 100%; height: 500px; border: 0px;\"><\/iframe>\t\t\t\t<\/div>\n\t\t\t\t<\/div>\n\t\t\t\t\t<\/div>\n\t\t<\/div>\n\t\t\t\t\t<\/div>\n\t\t<\/section>\n\t\t\t\t<section class=\"elementor-section elementor-top-section elementor-element elementor-element-1a84656 elementor-section-boxed elementor-section-height-default elementor-section-height-default\" data-id=\"1a84656\" data-element_type=\"section\">\n\t\t\t\t\t\t<div class=\"elementor-container elementor-column-gap-default\">\n\t\t\t\t\t<div class=\"elementor-column elementor-col-100 elementor-top-column elementor-element elementor-element-d3ae6ff\" data-id=\"d3ae6ff\" data-element_type=\"column\">\n\t\t\t<div class=\"elementor-widget-wrap elementor-element-populated\">\n\t\t\t\t\t\t<div class=\"elementor-element elementor-element-8e20ac6 elementor-widget elementor-widget-spacer\" data-id=\"8e20ac6\" data-element_type=\"widget\" data-widget_type=\"spacer.default\">\n\t\t\t\t<div class=\"elementor-widget-container\">\n\t\t\t\t\t\t\t<div class=\"elementor-spacer\">\n\t\t\t<div class=\"elementor-spacer-inner\"><\/div>\n\t\t<\/div>\n\t\t\t\t\t\t<\/div>\n\t\t\t\t<\/div>\n\t\t\t\t<div class=\"elementor-element elementor-element-d2bdf92 elementor-widget elementor-widget-html\" data-id=\"d2bdf92\" data-element_type=\"widget\" data-widget_type=\"html.default\">\n\t\t\t\t<div class=\"elementor-widget-container\">\n\t\t\t\t\t<iframe src=\"https:\/\/www.vodio.fr\/frameplay.php?idref=19526&urlref=1\" style=\"border: 0px none; box-shadow: rgba(0, 0, 0, 0.28) 0px 0px 10px; width: calc(100% - 10px); height: 180px; margin-left: 5px; padding: 0;\" scrolling=\"no\"><\/iframe>\t\t\t\t<\/div>\n\t\t\t\t<\/div>\n\t\t\t\t\t<\/div>\n\t\t<\/div>\n\t\t\t\t\t<\/div>\n\t\t<\/section>\n\t\t\t\t<section class=\"elementor-section elementor-top-section elementor-element elementor-element-3b6fa79 elementor-section-boxed elementor-section-height-default elementor-section-height-default\" data-id=\"3b6fa79\" data-element_type=\"section\">\n\t\t\t\t\t\t<div class=\"elementor-container elementor-column-gap-default\">\n\t\t\t\t\t<div class=\"elementor-column elementor-col-100 elementor-top-column elementor-element elementor-element-7a52dd8\" data-id=\"7a52dd8\" data-element_type=\"column\">\n\t\t\t<div class=\"elementor-widget-wrap elementor-element-populated\">\n\t\t\t\t\t\t<div class=\"elementor-element elementor-element-5bb3fd7 elementor-widget elementor-widget-heading\" data-id=\"5bb3fd7\" data-element_type=\"widget\" data-widget_type=\"heading.default\">\n\t\t\t\t<div class=\"elementor-widget-container\">\n\t\t\t\t\t<h2 class=\"elementor-heading-title elementor-size-large\">\" Le monde a chang\u00e9, je le vois dans l'eau, je le vois dans la terre et dans le monde du travail devenu vivable et d\u00e9sirable. Tout commen\u00e7a quand le bonheur rentable fut invent\u00e9...\"<\/h2>\t\t\t\t<\/div>\n\t\t\t\t<\/div>\n\t\t\t\t\t<\/div>\n\t\t<\/div>\n\t\t\t\t\t<\/div>\n\t\t<\/section>\n\t\t\t\t<\/div>\n\t\t","protected":false},"excerpt":{"rendered":"<p>Rejoignez HappyPodCash sur votre plateforme de streaming pr\u00e9f\u00e9r\u00e9e ! \u00a0\u00bb Le monde a chang\u00e9, je le vois dans l&rsquo;eau, je le vois dans la terre et dans le monde du travail devenu vivable et d\u00e9sirable. Tout commen\u00e7a quand le bonheur rentable fut invent\u00e9&#8230;\u00a0\u00bb<\/p>\n","protected":false},"author":2,"featured_media":1775,"parent":0,"menu_order":0,"comment_status":"closed","ping_status":"closed","template":"","meta":{"footnotes":""},"class_list":["post-1761","page","type-page","status-publish","has-post-thumbnail","hentry"],"yoast_head":"<!-- This site is optimized with the Yoast SEO plugin v26.8 - https:\/\/yoast.com\/product\/yoast-seo-wordpress\/ -->\n<title>- ERIGET - Transformation des entreprises<\/title>\n<meta name=\"robots\" content=\"index, follow, max-snippet:-1, max-image-preview:large, max-video-preview:-1\" \/>\n<link rel=\"canonical\" href=\"https:\/\/eriget.com\/index.php\/happypodcash\/\" \/>\n<meta property=\"og:locale\" content=\"fr_FR\" \/>\n<meta property=\"og:type\" content=\"article\" \/>\n<meta property=\"og:title\" content=\"- ERIGET - Transformation des entreprises\" \/>\n<meta property=\"og:description\" content=\"Rejoignez HappyPodCash sur votre plateforme de streaming pr\u00e9f\u00e9r\u00e9e ! \u00a0\u00bb Le monde a chang\u00e9, je le vois dans l&rsquo;eau, je le vois dans la terre et dans le monde du travail devenu vivable et d\u00e9sirable. Tout commen\u00e7a quand le bonheur rentable fut invent\u00e9&#8230;\u00a0\u00bb\" \/>\n<meta property=\"og:url\" content=\"https:\/\/eriget.com\/index.php\/happypodcash\/\" \/>\n<meta property=\"og:site_name\" content=\"ERIGET - Transformation des entreprises\" \/>\n<meta property=\"article:modified_time\" content=\"2025-04-29T10:21:46+00:00\" \/>\n<meta property=\"og:image\" content=\"https:\/\/eriget.com\/wp-content\/uploads\/2024\/08\/Valerie-Delande-5-scaled-e1722684780400.jpg\" \/>\n\t<meta property=\"og:image:width\" content=\"2560\" \/>\n\t<meta property=\"og:image:height\" content=\"1318\" \/>\n\t<meta property=\"og:image:type\" content=\"image\/jpeg\" \/>\n<meta name=\"twitter:card\" content=\"summary_large_image\" \/>\n<meta name=\"twitter:label1\" content=\"Dur\u00e9e de lecture estim\u00e9e\" \/>\n\t<meta name=\"twitter:data1\" content=\"1 minute\" \/>\n<script type=\"application\/ld+json\" class=\"yoast-schema-graph\">{\"@context\":\"https:\/\/schema.org\",\"@graph\":[{\"@type\":\"WebPage\",\"@id\":\"https:\/\/eriget.com\/index.php\/happypodcash\/\",\"url\":\"https:\/\/eriget.com\/index.php\/happypodcash\/\",\"name\":\"- ERIGET - Transformation des entreprises\",\"isPartOf\":{\"@id\":\"https:\/\/eriget.com\/#website\"},\"primaryImageOfPage\":{\"@id\":\"https:\/\/eriget.com\/index.php\/happypodcash\/#primaryimage\"},\"image\":{\"@id\":\"https:\/\/eriget.com\/index.php\/happypodcash\/#primaryimage\"},\"thumbnailUrl\":\"https:\/\/eriget.com\/wp-content\/uploads\/2024\/08\/Valerie-Delande-5-scaled-e1722684780400.jpg\",\"datePublished\":\"2024-08-03T11:00:14+00:00\",\"dateModified\":\"2025-04-29T10:21:46+00:00\",\"inLanguage\":\"fr-FR\",\"potentialAction\":[{\"@type\":\"ReadAction\",\"target\":[\"https:\/\/eriget.com\/index.php\/happypodcash\/\"]}]},{\"@type\":\"ImageObject\",\"inLanguage\":\"fr-FR\",\"@id\":\"https:\/\/eriget.com\/index.php\/happypodcash\/#primaryimage\",\"url\":\"https:\/\/eriget.com\/wp-content\/uploads\/2024\/08\/Valerie-Delande-5-scaled-e1722684780400.jpg\",\"contentUrl\":\"https:\/\/eriget.com\/wp-content\/uploads\/2024\/08\/Valerie-Delande-5-scaled-e1722684780400.jpg\",\"width\":2560,\"height\":1318,\"caption\":\"www.pascalfremanteau.fr\"},{\"@type\":\"WebSite\",\"@id\":\"https:\/\/eriget.com\/#website\",\"url\":\"https:\/\/eriget.com\/\",\"name\":\"ERIGET - Transformation des entreprises\",\"description\":\"D\u00e9couvrez l&#039;activateur de croissance Addenel\",\"potentialAction\":[{\"@type\":\"SearchAction\",\"target\":{\"@type\":\"EntryPoint\",\"urlTemplate\":\"https:\/\/eriget.com\/?s={search_term_string}\"},\"query-input\":{\"@type\":\"PropertyValueSpecification\",\"valueRequired\":true,\"valueName\":\"search_term_string\"}}],\"inLanguage\":\"fr-FR\"}]}<\/script>\n<!-- \/ Yoast SEO plugin. -->","yoast_head_json":{"title":"- ERIGET - Transformation des entreprises","robots":{"index":"index","follow":"follow","max-snippet":"max-snippet:-1","max-image-preview":"max-image-preview:large","max-video-preview":"max-video-preview:-1"},"canonical":"https:\/\/eriget.com\/index.php\/happypodcash\/","og_locale":"fr_FR","og_type":"article","og_title":"- ERIGET - Transformation des entreprises","og_description":"Rejoignez HappyPodCash sur votre plateforme de streaming pr\u00e9f\u00e9r\u00e9e ! \u00a0\u00bb Le monde a chang\u00e9, je le vois dans l&rsquo;eau, je le vois dans la terre et dans le monde du travail devenu vivable et d\u00e9sirable. Tout commen\u00e7a quand le bonheur rentable fut invent\u00e9&#8230;\u00a0\u00bb","og_url":"https:\/\/eriget.com\/index.php\/happypodcash\/","og_site_name":"ERIGET - Transformation des entreprises","article_modified_time":"2025-04-29T10:21:46+00:00","og_image":[{"width":2560,"height":1318,"url":"https:\/\/eriget.com\/wp-content\/uploads\/2024\/08\/Valerie-Delande-5-scaled-e1722684780400.jpg","type":"image\/jpeg"}],"twitter_card":"summary_large_image","twitter_misc":{"Dur\u00e9e de lecture estim\u00e9e":"1 minute"},"schema":{"@context":"https:\/\/schema.org","@graph":[{"@type":"WebPage","@id":"https:\/\/eriget.com\/index.php\/happypodcash\/","url":"https:\/\/eriget.com\/index.php\/happypodcash\/","name":"- ERIGET - Transformation des entreprises","isPartOf":{"@id":"https:\/\/eriget.com\/#website"},"primaryImageOfPage":{"@id":"https:\/\/eriget.com\/index.php\/happypodcash\/#primaryimage"},"image":{"@id":"https:\/\/eriget.com\/index.php\/happypodcash\/#primaryimage"},"thumbnailUrl":"https:\/\/eriget.com\/wp-content\/uploads\/2024\/08\/Valerie-Delande-5-scaled-e1722684780400.jpg","datePublished":"2024-08-03T11:00:14+00:00","dateModified":"2025-04-29T10:21:46+00:00","inLanguage":"fr-FR","potentialAction":[{"@type":"ReadAction","target":["https:\/\/eriget.com\/index.php\/happypodcash\/"]}]},{"@type":"ImageObject","inLanguage":"fr-FR","@id":"https:\/\/eriget.com\/index.php\/happypodcash\/#primaryimage","url":"https:\/\/eriget.com\/wp-content\/uploads\/2024\/08\/Valerie-Delande-5-scaled-e1722684780400.jpg","contentUrl":"https:\/\/eriget.com\/wp-content\/uploads\/2024\/08\/Valerie-Delande-5-scaled-e1722684780400.jpg","width":2560,"height":1318,"caption":"www.pascalfremanteau.fr"},{"@type":"WebSite","@id":"https:\/\/eriget.com\/#website","url":"https:\/\/eriget.com\/","name":"ERIGET - Transformation des entreprises","description":"D\u00e9couvrez l&#039;activateur de croissance Addenel","potentialAction":[{"@type":"SearchAction","target":{"@type":"EntryPoint","urlTemplate":"https:\/\/eriget.com\/?s={search_term_string}"},"query-input":{"@type":"PropertyValueSpecification","valueRequired":true,"valueName":"search_term_string"}}],"inLanguage":"fr-FR"}]}},"_links":{"self":[{"href":"https:\/\/eriget.com\/index.php\/wp-json\/wp\/v2\/pages\/1761","targetHints":{"allow":["GET"]}}],"collection":[{"href":"https:\/\/eriget.com\/index.php\/wp-json\/wp\/v2\/pages"}],"about":[{"href":"https:\/\/eriget.com\/index.php\/wp-json\/wp\/v2\/types\/page"}],"author":[{"embeddable":true,"href":"https:\/\/eriget.com\/index.php\/wp-json\/wp\/v2\/users\/2"}],"replies":[{"embeddable":true,"href":"https:\/\/eriget.com\/index.php\/wp-json\/wp\/v2\/comments?post=1761"}],"version-history":[{"count":37,"href":"https:\/\/eriget.com\/index.php\/wp-json\/wp\/v2\/pages\/1761\/revisions"}],"predecessor-version":[{"id":2080,"href":"https:\/\/eriget.com\/index.php\/wp-json\/wp\/v2\/pages\/1761\/revisions\/2080"}],"wp:featuredmedia":[{"embeddable":true,"href":"https:\/\/eriget.com\/index.php\/wp-json\/wp\/v2\/media\/1775"}],"wp:attachment":[{"href":"https:\/\/eriget.com\/index.php\/wp-json\/wp\/v2\/media?parent=1761"}],"curies":[{"name":"wp","href":"https:\/\/api.w.org\/{rel}","templated":true}]}}